{"id":1846,"date":"2026-01-05T21:06:22","date_gmt":"2026-01-05T20:06:22","guid":{"rendered":"https:\/\/smithlock.be\/?page_id=1846"},"modified":"2026-01-05T21:30:29","modified_gmt":"2026-01-05T20:30:29","slug":"legal-mentions","status":"publish","type":"page","link":"https:\/\/smithlock.be\/en\/mentions-legales\/","title":{"rendered":"Legal Notices"},"content":{"rendered":"<div style=\"height:100px\" aria-hidden=\"true\" class=\"wp-block-spacer\"><\/div>\n\n\n\n<h2 class=\"wp-block-heading\">\u2696\ufe0f LEGAL NOTICES \u2013 <a href=\"https:\/\/smithlock.be\/en\/\">www.smithlock.be<\/a><\/h2>\n\n\n\n<p><strong>Last updated: January 5, 2026<\/strong><\/p>\n\n\n\n<h3 class=\"wp-block-heading\">1. Website publisher<\/h3>\n\n\n\n<p>The site <strong><a href=\"https:\/\/smithlock.be\/en\/\">www.smithlock.be<\/a><\/strong> is published by:<\/p>\n\n\n\n<p><strong>Trade name:<\/strong> SmithLock Locksmith<br><strong>Legal status:<\/strong> Independent \u2013 Natural person<br><strong>Company\/VAT number:<\/strong> BE 0888.587.702<br><strong>Business address:<\/strong> registered with the Crossroads Bank for Enterprises (CBE)<br><strong>Phone :<\/strong> +32 471 91 36 80<br><strong>Email:<\/strong> <a>info@smithlock.be<\/a><br><strong>Availability :<\/strong> 24\/7 emergency response<\/p>\n\n\n\n<p>The person responsible for the publication is the operator legally registered with the BCE.<\/p>\n\n\n\n<hr class=\"wp-block-separator has-alpha-channel-opacity\"\/>\n\n\n\n<h3 class=\"wp-block-heading\">2. Website Host<\/h3>\n\n\n\n<p>The site <strong><a href=\"https:\/\/smithlock.be\/en\/\">www.smithlock.be<\/a><\/strong> is hosted by the company:<\/p>\n\n\n\n<p><strong>NameCrane LLC<\/strong><br>30 N Gould Street, Suite 10226<br>Sheridan, Wyoming 82801<br>United States of America<br>Website: <a href=\"https:\/\/namecrane.com\" target=\"_blank\" rel=\"noopener\">https:\/\/namecrane.com<\/a><br>Acceptable use policy: <a href=\"https:\/\/namecrane.com\/legal\/acceptable-use-policy\" target=\"_blank\" rel=\"noopener\">https:\/\/namecrane.com\/legal\/acceptable-use-policy<\/a><\/p>\n\n\n\n<p>The hosting services provided by NameCrane are used to store site data.<br>The possible <strong>data transfers outside the European Union<\/strong> are supervised by <strong>Standard Contractual Clauses compliant with the GDPR<\/strong> and any protection requirements provided for by the General Data Protection Regulation. <a href=\"https:\/\/ipgeolocation.io\/browse\/asn\/AS46824?utm_source=chatgpt.com\" target=\"_blank\" rel=\"noreferrer noopener\">ipgeolocation.io<\/a><\/p>\n\n\n\n<hr class=\"wp-block-separator has-alpha-channel-opacity\"\/>\n\n\n\n<h3 class=\"wp-block-heading\">3. Intellectual Property<\/h3>\n\n\n\n<p>All elements present on the site (texts, images, logos, graphics, videos, audio, etc.) are protected by copyright, trademarks and other intellectual property rights, belonging either to Serrurier SmithLock, or to third parties who have authorized their presence on the site.<\/p>\n\n\n\n<p>Any reproduction, representation, modification or use, in whole or in part, by any means whatsoever, without prior written authorization, is strictly prohibited.<\/p>\n\n\n\n<hr class=\"wp-block-separator has-alpha-channel-opacity\"\/>\n\n\n\n<h3 class=\"wp-block-heading\">4. Terms of Use<\/h3>\n\n\n\n<p>Access to and use of the site <a href=\"https:\/\/smithlock.be\/en\/\">www.smithlock.be<\/a> are subject to these conditions.<br>The information published is provided for informational purposes only and may be changed without notice.<\/p>\n\n\n\n<p>The descriptions of services (troubleshooting, installation, etc.) published on the site, where applicable, are indicative and a personalized quote is provided before any intervention.<\/p>\n\n\n\n<p>The publisher cannot be held liable for:<\/p>\n\n\n\n<ul class=\"wp-block-list\">\n<li>errors or omissions present on the site,<\/li>\n\n\n\n<li>direct or indirect damages resulting from access to or use of the site,<\/li>\n\n\n\n<li>or access to external sites via hyperlinks.<\/li>\n<\/ul>\n\n\n\n<hr class=\"wp-block-separator has-alpha-channel-opacity\"\/>\n\n\n\n<h3 class=\"wp-block-heading\">5. Personal data and cookies<\/h3>\n\n\n\n<p>The processing of personal data collected through this site is explained in our <strong>Privacy Policy<\/strong>.<br>This website uses cookies. In accordance with the GDPR, non-essential cookies are only active after explicit consent from the user.<\/p>\n\n\n\n<hr class=\"wp-block-separator has-alpha-channel-opacity\"\/>\n\n\n\n<h3 class=\"wp-block-heading\">6. Applicable Law and Disputes<\/h3>\n\n\n\n<p>These legal notices are governed by the <strong>Belgian law<\/strong>.<br>In the event of a dispute, the user is encouraged to contact the publisher for an amicable solution before taking any legal action.<\/p>\n\n\n\n<p>Possible mediation methods include:<\/p>\n\n\n\n<ul class=\"wp-block-list\">\n<li><strong>Consumer Mediation Service<\/strong> : <a href=\"https:\/\/www.mediationconsommateur.be\" target=\"_blank\" rel=\"noopener\">https:\/\/www.mediationconsommateur.be<\/a><\/li>\n\n\n\n<li><strong>European Online Dispute Resolution (ODR) Platform<\/strong> : <a href=\"https:\/\/ec.europa.eu\/odr\" target=\"_blank\" rel=\"noopener\">https:\/\/ec.europa.eu\/odr<\/a><\/li>\n<\/ul>\n\n\n\n<hr class=\"wp-block-separator has-alpha-channel-opacity\"\/>\n\n\n\n<h3 class=\"wp-block-heading\">7. Credits<\/h3>\n\n\n\n<p>Website design and maintenance: SmithLock Locksmith<br>Images and illustrations: property of SmithLock locksmith or from royalty-free image banks<\/p>\n\n\n\n<div style=\"height:100px\" aria-hidden=\"true\" class=\"wp-block-spacer\"><\/div>","protected":false},"excerpt":{"rendered":"<p>\u2696\ufe0f MENTIONS L\u00c9GALES \u2013 www.smithlock.be Date de derni\u00e8re mise \u00e0 jour : 05 janvier 2026 1. \u00c9diteur du site Le site www.smithlock.be est \u00e9dit\u00e9 par : Nom commercial : Serrurier SmithLockStatut juridique : Ind\u00e9pendant \u2013 Personne physiqueNum\u00e9ro d\u2019entreprise \/ TVA : BE 0888.587.702Adresse professionnelle : enregistr\u00e9e aupr\u00e8s de la Banque-Carrefour des Entreprises (BCE)T\u00e9l\u00e9phone : +32 [&hellip;]<\/p>\n","protected":false},"author":1,"featured_media":0,"parent":0,"menu_order":99,"comment_status":"closed","ping_status":"closed","template":"","meta":{"footnotes":""},"class_list":["post-1846","page","type-page","status-publish","hentry"],"blocksy_meta":{"has_hero_section":"disabled","styles_descriptor":{"styles":{"desktop":"","tablet":"","mobile":""},"google_fonts":[],"version":6}},"_links":{"self":[{"href":"https:\/\/smithlock.be\/en\/wp-json\/wp\/v2\/pages\/1846","targetHints":{"allow":["GET"]}}],"collection":[{"href":"https:\/\/smithlock.be\/en\/wp-json\/wp\/v2\/pages"}],"about":[{"href":"https:\/\/smithlock.be\/en\/wp-json\/wp\/v2\/types\/page"}],"author":[{"embeddable":true,"href":"https:\/\/smithlock.be\/en\/wp-json\/wp\/v2\/users\/1"}],"replies":[{"embeddable":true,"href":"https:\/\/smithlock.be\/en\/wp-json\/wp\/v2\/comments?post=1846"}],"version-history":[{"count":0,"href":"https:\/\/smithlock.be\/en\/wp-json\/wp\/v2\/pages\/1846\/revisions"}],"wp:attachment":[{"href":"https:\/\/smithlock.be\/en\/wp-json\/wp\/v2\/media?parent=1846"}],"curies":[{"name":"wp","href":"https:\/\/api.w.org\/{rel}","templated":true}]}}